{"id":673,"date":"2020-01-26T18:39:56","date_gmt":"2020-01-26T18:39:56","guid":{"rendered":"http:\/\/www.oc2-bv.nl\/?page_id=673"},"modified":"2020-01-26T18:51:11","modified_gmt":"2020-01-26T18:51:11","slug":"privacyverklaring","status":"publish","type":"page","link":"https:\/\/www.oc2-bv.nl\/index.php\/privacyverklaring\/","title":{"rendered":"Privacyverklaring OC2 B.V."},"content":{"rendered":"\n<p>Indien u het contactformulier invult, ontvangen wij de volgende gegevens:<\/p>\n\n\n\n<ul class=\"wp-block-list\"><li>uw naam;<\/li><li>uw e-mailadres;<\/li><li>uw telefoonnummer;<\/li><\/ul>\n\n\n\n<p>Wanneer u rechtstreeks een e-mail stuurt, beschikken wij over de gegevens die u hierin aangeeft.<\/p>\n\n\n\n<p>Uw gegevens worden zorgvuldig behandeld en beveiligd en gebruiken deze enkel voor het doel waarvoor u deze gegevens aan ons verstrekt. Deze gegevens zullen nooit aan derden worden verstrekt, tenzij u hier schriftelijk toestemming voor heeft gegeven.<\/p>\n\n\n\n<p>Wanneer u wilt dat uw gegevens niet langer bewaard en\/of verwerkt mogen worden, wordt u verzocht een e-mail te sturen naar info@oc2-bv.nl. Binnen 4 weken zullen wij reageren op uw verzoek.<\/p>\n\n\n\n<p>Wanneer u op onze website via een verwijzing naar een andere website wordt geleid, dan verlaat u onze website en kan het voorkomen dat u op een site terecht komt die w\u00e9l gebruik maakt van cookies danwel trackers. OC2 heeft hierin g\u00e9\u00e9n inzage en kan derhalve niet verantwoordelijk worden gehouden voor een mogelijke verzameling van persoonsgegevens door externe websites.<\/p>\n\n\n\n<p>Door het vakje &#8220;ja&#8221; aan te vinken geeft u toestemming voor verwerking van uw gegevens zoals voorgaand beschreven en gaat u akkoord met de wijze hoe hiermee wordt omgegaan.<\/p>\n\n\n\n<p>Deze website maakt geen gebruik van tracking cookies.<\/p>\n","protected":false},"excerpt":{"rendered":"<p>Indien u het contactformulier invult, ontvangen wij de volgende gegevens: [&hellip;]<\/p>\n","protected":false},"author":1,"featured_media":0,"parent":0,"menu_order":0,"comment_status":"closed","ping_status":"closed","template":"","meta":{"_mi_skip_tracking":false,"_exactmetrics_sitenote_active":false,"_exactmetrics_sitenote_note":"","_exactmetrics_sitenote_category":0,"footnotes":""},"class_list":["post-673","page","type-page","status-publish","hentry"],"yoast_head":"<!-- This site is optimized with the Yoast SEO plugin v27.3 - https:\/\/yoast.com\/product\/yoast-seo-wordpress\/ -->\n<title>Privacyverklaring OC2 B.V. - OC2 B.V.<\/title>\n<meta name=\"robots\" content=\"index, follow, max-snippet:-1, max-image-preview:large, max-video-preview:-1\" \/>\n<link rel=\"canonical\" href=\"https:\/\/www.oc2-bv.nl\/index.php\/privacyverklaring\/\" \/>\n<meta property=\"og:locale\" content=\"en_US\" \/>\n<meta property=\"og:type\" content=\"article\" \/>\n<meta property=\"og:title\" content=\"Privacyverklaring OC2 B.V. - OC2 B.V.\" \/>\n<meta property=\"og:description\" content=\"Indien u het contactformulier invult, ontvangen wij de volgende gegevens: [&hellip;]\" \/>\n<meta property=\"og:url\" content=\"https:\/\/www.oc2-bv.nl\/index.php\/privacyverklaring\/\" \/>\n<meta property=\"og:site_name\" content=\"OC2 B.V.\" \/>\n<meta property=\"article:modified_time\" content=\"2020-01-26T18:51:11+00:00\" \/>\n<meta name=\"twitter:card\" content=\"summary_large_image\" \/>\n<meta name=\"twitter:label1\" content=\"Est. reading time\" \/>\n\t<meta name=\"twitter:data1\" content=\"1 minute\" \/>\n<script type=\"application\/ld+json\" class=\"yoast-schema-graph\">{\"@context\":\"https:\\\/\\\/schema.org\",\"@graph\":[{\"@type\":\"WebPage\",\"@id\":\"https:\\\/\\\/www.oc2-bv.nl\\\/index.php\\\/privacyverklaring\\\/\",\"url\":\"https:\\\/\\\/www.oc2-bv.nl\\\/index.php\\\/privacyverklaring\\\/\",\"name\":\"Privacyverklaring OC2 B.V. - OC2 B.V.\",\"isPartOf\":{\"@id\":\"https:\\\/\\\/www.oc2-bv.nl\\\/#website\"},\"datePublished\":\"2020-01-26T18:39:56+00:00\",\"dateModified\":\"2020-01-26T18:51:11+00:00\",\"breadcrumb\":{\"@id\":\"https:\\\/\\\/www.oc2-bv.nl\\\/index.php\\\/privacyverklaring\\\/#breadcrumb\"},\"inLanguage\":\"en-US\",\"potentialAction\":[{\"@type\":\"ReadAction\",\"target\":[\"https:\\\/\\\/www.oc2-bv.nl\\\/index.php\\\/privacyverklaring\\\/\"]}]},{\"@type\":\"BreadcrumbList\",\"@id\":\"https:\\\/\\\/www.oc2-bv.nl\\\/index.php\\\/privacyverklaring\\\/#breadcrumb\",\"itemListElement\":[{\"@type\":\"ListItem\",\"position\":1,\"name\":\"Home\",\"item\":\"https:\\\/\\\/www.oc2-bv.nl\\\/\"},{\"@type\":\"ListItem\",\"position\":2,\"name\":\"Privacyverklaring OC2 B.V.\"}]},{\"@type\":\"WebSite\",\"@id\":\"https:\\\/\\\/www.oc2-bv.nl\\\/#website\",\"url\":\"https:\\\/\\\/www.oc2-bv.nl\\\/\",\"name\":\"OC2 B.V.\",\"description\":\"Advies &amp; Ontwerp Civiele Constructies\",\"publisher\":{\"@id\":\"https:\\\/\\\/www.oc2-bv.nl\\\/#organization\"},\"potentialAction\":[{\"@type\":\"SearchAction\",\"target\":{\"@type\":\"EntryPoint\",\"urlTemplate\":\"https:\\\/\\\/www.oc2-bv.nl\\\/?s={search_term_string}\"},\"query-input\":{\"@type\":\"PropertyValueSpecification\",\"valueRequired\":true,\"valueName\":\"search_term_string\"}}],\"inLanguage\":\"en-US\"},{\"@type\":\"Organization\",\"@id\":\"https:\\\/\\\/www.oc2-bv.nl\\\/#organization\",\"name\":\"OC2 BV\",\"url\":\"https:\\\/\\\/www.oc2-bv.nl\\\/\",\"logo\":{\"@type\":\"ImageObject\",\"inLanguage\":\"en-US\",\"@id\":\"https:\\\/\\\/www.oc2-bv.nl\\\/#\\\/schema\\\/logo\\\/image\\\/\",\"url\":\"http:\\\/\\\/www.oc2-bv.nl\\\/wp-content\\\/uploads\\\/2017\\\/05\\\/Logo-RGB.jpg\",\"contentUrl\":\"http:\\\/\\\/www.oc2-bv.nl\\\/wp-content\\\/uploads\\\/2017\\\/05\\\/Logo-RGB.jpg\",\"width\":150,\"height\":72,\"caption\":\"OC2 BV\"},\"image\":{\"@id\":\"https:\\\/\\\/www.oc2-bv.nl\\\/#\\\/schema\\\/logo\\\/image\\\/\"},\"sameAs\":[\"https:\\\/\\\/www.linkedin.com\\\/company\\\/oc2-bv\\\/\"]}]}<\/script>\n<!-- \/ Yoast SEO plugin. -->","yoast_head_json":{"title":"Privacyverklaring OC2 B.V. - OC2 B.V.","robots":{"index":"index","follow":"follow","max-snippet":"max-snippet:-1","max-image-preview":"max-image-preview:large","max-video-preview":"max-video-preview:-1"},"canonical":"https:\/\/www.oc2-bv.nl\/index.php\/privacyverklaring\/","og_locale":"en_US","og_type":"article","og_title":"Privacyverklaring OC2 B.V. - OC2 B.V.","og_description":"Indien u het contactformulier invult, ontvangen wij de volgende gegevens: [&hellip;]","og_url":"https:\/\/www.oc2-bv.nl\/index.php\/privacyverklaring\/","og_site_name":"OC2 B.V.","article_modified_time":"2020-01-26T18:51:11+00:00","twitter_card":"summary_large_image","twitter_misc":{"Est. reading time":"1 minute"},"schema":{"@context":"https:\/\/schema.org","@graph":[{"@type":"WebPage","@id":"https:\/\/www.oc2-bv.nl\/index.php\/privacyverklaring\/","url":"https:\/\/www.oc2-bv.nl\/index.php\/privacyverklaring\/","name":"Privacyverklaring OC2 B.V. - OC2 B.V.","isPartOf":{"@id":"https:\/\/www.oc2-bv.nl\/#website"},"datePublished":"2020-01-26T18:39:56+00:00","dateModified":"2020-01-26T18:51:11+00:00","breadcrumb":{"@id":"https:\/\/www.oc2-bv.nl\/index.php\/privacyverklaring\/#breadcrumb"},"inLanguage":"en-US","potentialAction":[{"@type":"ReadAction","target":["https:\/\/www.oc2-bv.nl\/index.php\/privacyverklaring\/"]}]},{"@type":"BreadcrumbList","@id":"https:\/\/www.oc2-bv.nl\/index.php\/privacyverklaring\/#breadcrumb","itemListElement":[{"@type":"ListItem","position":1,"name":"Home","item":"https:\/\/www.oc2-bv.nl\/"},{"@type":"ListItem","position":2,"name":"Privacyverklaring OC2 B.V."}]},{"@type":"WebSite","@id":"https:\/\/www.oc2-bv.nl\/#website","url":"https:\/\/www.oc2-bv.nl\/","name":"OC2 B.V.","description":"Advies &amp; Ontwerp Civiele Constructies","publisher":{"@id":"https:\/\/www.oc2-bv.nl\/#organization"},"potentialAction":[{"@type":"SearchAction","target":{"@type":"EntryPoint","urlTemplate":"https:\/\/www.oc2-bv.nl\/?s={search_term_string}"},"query-input":{"@type":"PropertyValueSpecification","valueRequired":true,"valueName":"search_term_string"}}],"inLanguage":"en-US"},{"@type":"Organization","@id":"https:\/\/www.oc2-bv.nl\/#organization","name":"OC2 BV","url":"https:\/\/www.oc2-bv.nl\/","logo":{"@type":"ImageObject","inLanguage":"en-US","@id":"https:\/\/www.oc2-bv.nl\/#\/schema\/logo\/image\/","url":"http:\/\/www.oc2-bv.nl\/wp-content\/uploads\/2017\/05\/Logo-RGB.jpg","contentUrl":"http:\/\/www.oc2-bv.nl\/wp-content\/uploads\/2017\/05\/Logo-RGB.jpg","width":150,"height":72,"caption":"OC2 BV"},"image":{"@id":"https:\/\/www.oc2-bv.nl\/#\/schema\/logo\/image\/"},"sameAs":["https:\/\/www.linkedin.com\/company\/oc2-bv\/"]}]}},"_links":{"self":[{"href":"https:\/\/www.oc2-bv.nl\/index.php\/wp-json\/wp\/v2\/pages\/673","targetHints":{"allow":["GET"]}}],"collection":[{"href":"https:\/\/www.oc2-bv.nl\/index.php\/wp-json\/wp\/v2\/pages"}],"about":[{"href":"https:\/\/www.oc2-bv.nl\/index.php\/wp-json\/wp\/v2\/types\/page"}],"author":[{"embeddable":true,"href":"https:\/\/www.oc2-bv.nl\/index.php\/wp-json\/wp\/v2\/users\/1"}],"replies":[{"embeddable":true,"href":"https:\/\/www.oc2-bv.nl\/index.php\/wp-json\/wp\/v2\/comments?post=673"}],"version-history":[{"count":5,"href":"https:\/\/www.oc2-bv.nl\/index.php\/wp-json\/wp\/v2\/pages\/673\/revisions"}],"predecessor-version":[{"id":703,"href":"https:\/\/www.oc2-bv.nl\/index.php\/wp-json\/wp\/v2\/pages\/673\/revisions\/703"}],"wp:attachment":[{"href":"https:\/\/www.oc2-bv.nl\/index.php\/wp-json\/wp\/v2\/media?parent=673"}],"curies":[{"name":"wp","href":"https:\/\/api.w.org\/{rel}","templated":true}]}}